{"id":19786,"date":"2022-02-18T18:17:16","date_gmt":"2022-02-18T17:17:16","guid":{"rendered":"https:\/\/www.pkf-arsilon.com\/?page_id=19786"},"modified":"2022-03-01T14:25:04","modified_gmt":"2022-03-01T13:25:04","slug":"david-dignac","status":"publish","type":"page","link":"https:\/\/pp-pkfarsilon.web.oxv.fr\/en\/david-dignac\/","title":{"rendered":"David Dignac"},"content":{"rendered":"  <div id=\"\" class=\"container-fluid s-banner\">\n    <div class=\"img\">\n    <\/div>\n    <div class=\"container\">\n      <div class=\"text\">\n        <p class=\"tag\">Your contact<\/p>\n        <h1 class=\"title\">David Dignac<\/h1>\n      <\/div>\n    <\/div>\n  <\/div>\n  <div class=\"container b-breadcrumb\"><span><span><a href=\"https:\/\/pp-pkfarsilon.web.oxv.fr\/en\/\">Home<\/a><\/span><\/span><\/div>\n\n<div id=\"\" class=\"container s-contact-single-top\">\n  <div class=\"row\">\n    <div class=\"offset-lg-1 col-lg-4 col-xl-3 order-lg-2\">\n      <div class=\"top__info-contact\">\n        <div class=\"card\">\n                      <div class=\"photo\">\n              <div class=\"circle\">\n                <img loading=\"lazy\" decoding=\"async\" width=\"384\" height=\"384\" src=\"https:\/\/pp-pkfarsilon.web.oxv.fr\/wp-content\/uploads\/2021\/06\/photo-dignac-david.jpg\" class=\"attachment-full size-full wp-post-image\" alt=\"Photo-Dignac-David\" srcset=\"https:\/\/pp-pkfarsilon.web.oxv.fr\/wp-content\/uploads\/2021\/06\/photo-dignac-david.jpg 384w, https:\/\/pp-pkfarsilon.web.oxv.fr\/wp-content\/uploads\/2021\/06\/photo-dignac-david-300x300.jpg 300w, https:\/\/pp-pkfarsilon.web.oxv.fr\/wp-content\/uploads\/2021\/06\/photo-dignac-david-150x150.jpg 150w\" sizes=\"auto, (max-width: 384px) 100vw, 384px\" \/>              <\/div>\n            <\/div>\n                    <p class=\"name\">David Dignac<\/p>\n          <p class=\"job\">\n                          <span class=\"rank\">Associ\u00e9 <\/span><br>\n                        Expert-comptable et Commissaire aux comptes &#8211; R\u00e9f\u00e9rent Immobilier et Investisseurs \u00e9trangers          <\/p>\n                      <div class=\"phone\">\n              <i class=\"icon-phone\"><\/i>\n              <strong>06 08 55 62 93<\/strong>\n              <span>Price of a local call<\/span>\n            <\/div>\n                                <div class=\"linkedin\">\n              <i class=\"icon-linkedin\"><\/i>\n              <a href=\"https:\/\/www.linkedin.com\/in\/david-dignac-8814392\">See LinkedIn profile<\/a>\n            <\/div>\n                  <\/div>\n                          <div class=\"language\">\n            <p>Langues parl\u00e9es<\/p>\n                          <img decoding=\"async\" class=\"flag\" src=\"https:\/\/pp-pkfarsilon.web.oxv.fr\/wp-content\/themes\/pkf-arsilon\/dist\/images\/flags\/fr.svg\" alt=\"Fran\u00e7ais\"\/>\n                          <img decoding=\"async\" class=\"flag\" src=\"https:\/\/pp-pkfarsilon.web.oxv.fr\/wp-content\/themes\/pkf-arsilon\/dist\/images\/flags\/en.svg\" alt=\"Anglais\"\/>\n                      <\/div>\n              <\/div>\n    <\/div>\n    <div class=\"col-lg-7 col-xl-8 order-lg-1 mt-4 mt-sm-0\">\n      <div class=\"top__texte b-wysiwyg\">\n        <p>David has been a partner at the Nice office since 2010 and is responsible for the Southern Region and the Real Estate and Foreign Investors Department. He works mainly with investors on luxury residential and hotel projects and coordinates a multidisciplinary and multicultural team to provide a comprehensive service (accounting and financial review of real estate projects, legal and tax structuring of investments, outsourcing of accounting, tax compliance, administrative follow-up, assistance with transfers).<\/p>\n<p>Thanks to his network, he also supports developers, property dealers, property companies and private investors, mainly in the South-Monaco region. Specialising in personal asset management, he also supports his clients with tax, investment, acquisition and transfer issues.<\/p>\n      <\/div>\n    <\/div>\n  <\/div>\n<\/div>\n\n\n<div class=\"container s-store-single-form edito__section\" id=\"form\">\n  <div class=\"row\">\n    <div class=\"col-lg-7 col-xl-8\">\n      <div class=\"b-form\">\n        <div class=\"form__title\">Contact David Dignac<\/div>\n                \n<div class=\"wpcf7 no-js\" id=\"wpcf7-f199136-o1\" lang=\"en-US\" dir=\"ltr\">\n<div class=\"screen-reader-response\"><p role=\"status\" aria-live=\"polite\" aria-atomic=\"true\"><\/p> <ul><\/ul><\/div>\n<form action=\"\/en\/wp-json\/wp\/v2\/pages\/19786#wpcf7-f199136-o1\" method=\"post\" class=\"wpcf7-form init\" aria-label=\"Contact form\" novalidate=\"novalidate\" data-status=\"init\">\n<div style=\"display: none;\">\n<input type=\"hidden\" name=\"_wpcf7\" value=\"199136\" \/>\n<input type=\"hidden\" name=\"_wpcf7_version\" value=\"5.9.3\" \/>\n<input type=\"hidden\" name=\"_wpcf7_locale\" value=\"en_US\" \/>\n<input type=\"hidden\" name=\"_wpcf7_unit_tag\" value=\"wpcf7-f199136-o1\" \/>\n<input type=\"hidden\" name=\"_wpcf7_container_post\" value=\"0\" \/>\n<input type=\"hidden\" name=\"_wpcf7_posted_data_hash\" value=\"\" \/>\n<\/div>\n<div class=\"field-group\">\n\t<p class=\"label\">Your need\n\t<\/p>\n\t<div class=\"fields\">\n\t\t<div class=\"select\">\n\t\t\t<p><span class=\"wpcf7-form-control-wrap\" data-name=\"subject\"><select class=\"wpcf7-form-control wpcf7-select wpcf7-validates-as-required\" id=\"subject\" aria-required=\"true\" aria-invalid=\"false\" name=\"subject\"><option value=\"Get a quote\">Get a quote<\/option><option value=\"Recrutement\">Recrutement<\/option><option value=\"Autre\">Autre<\/option><\/select><\/span>\n\t\t\t<\/p>\n\t\t<\/div>\n\t<\/div>\n<\/div>\n<div class=\"field-group\">\n\t<p class=\"label\">About yous\n\t<\/p>\n\t<div class=\"fields\">\n\t\t<div class=\"field\">\n\t\t\t<p><label for=\"lastname\">Name<\/label><span class=\"wpcf7-form-control-wrap\" data-name=\"lastname\"><input size=\"40\" class=\"wpcf7-form-control wpcf7-text wpcf7-validates-as-required\" id=\"lastname\" aria-required=\"true\" aria-invalid=\"false\" value=\"\" type=\"text\" name=\"lastname\" \/><\/span>\n\t\t\t<\/p>\n\t\t<\/div>\n\t\t<div class=\"field\">\n\t\t\t<p><label for=\"firstname\">Forname<\/label><span class=\"wpcf7-form-control-wrap\" data-name=\"firstname\"><input size=\"40\" class=\"wpcf7-form-control wpcf7-text wpcf7-validates-as-required\" id=\"firstname\" aria-required=\"true\" aria-invalid=\"false\" value=\"\" type=\"text\" name=\"firstname\" \/><\/span>\n\t\t\t<\/p>\n\t\t<\/div>\n\t\t<div class=\"field\">\n\t\t\t<p><label for=\"email\">Email<\/label><span class=\"wpcf7-form-control-wrap\" data-name=\"email\"><input size=\"40\" class=\"wpcf7-form-control wpcf7-email wpcf7-validates-as-required wpcf7-text wpcf7-validates-as-email\" id=\"email\" aria-required=\"true\" aria-invalid=\"false\" value=\"\" type=\"email\" name=\"email\" \/><\/span>\n\t\t\t<\/p>\n\t\t<\/div>\n\t\t<div class=\"field\">\n\t\t\t<p><label for=\"job\">Function<\/label><span class=\"wpcf7-form-control-wrap\" data-name=\"job\"><input size=\"40\" class=\"wpcf7-form-control wpcf7-text wpcf7-validates-as-required\" id=\"job\" aria-required=\"true\" aria-invalid=\"false\" value=\"\" type=\"text\" name=\"job\" \/><\/span>\n\t\t\t<\/p>\n\t\t<\/div>\n\t<\/div>\n<\/div>\n<div class=\"field-group\">\n\t<p><label for=\"about\" class=\"label\">About your compagny<\/label>\n\t<\/p>\n\t<div class=\"fields\">\n\t\t<p><span class=\"wpcf7-form-control-wrap\" data-name=\"about\"><input size=\"40\" class=\"wpcf7-form-control wpcf7-text wpcf7-validates-as-required\" id=\"about\" aria-required=\"true\" aria-invalid=\"false\" placeholder=\"Compagny name\" value=\"\" type=\"text\" name=\"about\" \/><\/span>\n\t\t<\/p>\n\t<\/div>\n<\/div>\n<div class=\"field-group\">\n\t<p><label for=\"msg\" class=\"label\">Your message<\/label>\n\t<\/p>\n\t<div class=\"fields\">\n\t\t<p><span class=\"wpcf7-form-control-wrap\" data-name=\"msg\"><textarea cols=\"40\" rows=\"10\" class=\"wpcf7-form-control wpcf7-textarea wpcf7-validates-as-required\" id=\"msg\" aria-required=\"true\" aria-invalid=\"false\" placeholder=\"Describe here your activity and your needs\" name=\"msg\"><\/textarea><\/span>\n\t\t<\/p>\n\t<\/div>\n<\/div>\n<div class=\"field-group field-group--file\">\n\t<p class=\"label\">Documents\n\t<\/p>\n\t<div class=\"fields\">\n\t\t<p><span class=\"wpcf7-form-control-wrap\" data-name=\"upload-file-502\"><input size=\"40\" class=\"wpcf7-form-control wpcf7-drag-n-drop-file d-none\" aria-invalid=\"false\" type=\"file\" multiple=\"multiple\" data-name=\"upload-file-502\" data-type=\"jpeg|jpg|png|pdf\" data-limit=\"2097152\" data-min=\"0\" data-max=\"5\" data-id=\"199136\" data-version=\"free version 1.3.7.7\" accept=\".jpeg, .jpg, .png, .pdf\" \/><\/span>\n\t\t<\/p>\n\t<\/div>\n<\/div>\n<div class=\"field-group\">\n\t<p class=\"label\">\n\t<\/p>\n\t<div class=\"fields\">\n\t\t<div class=\"field checkbox\">\n\t\t\t<p><span class=\"wpcf7-form-control-wrap\" data-name=\"acceptance-600\"><span class=\"wpcf7-form-control wpcf7-acceptance\"><span class=\"wpcf7-list-item\"><label><input type=\"checkbox\" name=\"acceptance-600\" value=\"1\" id=\"accept\" aria-invalid=\"false\" \/><span class=\"wpcf7-list-item-label\">The information collected during your visit to this site is protected by Regulation (EU) 2016\/679 of the European Parliament and of the Council on the protection of individuals with regard to the processing of personal data and on free movement. of this data (the &#8220;GDPR&#8221;), as well as by law n \u00b0 78-17 of January 6, 1978 relating to Data Processing, Files and Freedoms, in its latest version in force. This information is also confidential, and is in no way intended to be disseminated to third parties, in particular for the purposes of commercial prospecting. By submitting your e-mail address to us, you acknowledge having read our Privacy Statement (<a href=\"https:\/\/pp-pkfarsilon.web.oxv.fr\/mentions-legales\/declaration-confidentialite\/\" target=\"_blank\">https:\/\/pp-pkfarsilon.web.oxv.fr\/mentions-legales\/declaration-confidentialite\/<\/a>), and you give your express consent to the use that we will make of this data with regard to this statement. If you change your mind about receiving the information we offer, you can send us a message by sending us a complaint form (<a href=\"https:\/\/forms.office.com\/r\/TqxkfqLXBL\" target=\"_blank\">https:\/\/forms.office.com\/r\/TqxkfqLXBL<\/a>);  Similarly, if you wish to exercise your rights of access, rectification, erasure and\/or opposition to your data, simply let us know by sending us a complaint form. (<a href=\"https:\/\/forms.office.com\/r\/TqxkfqLXBL\" target=\"_blank\">https:\/\/forms.office.com\/r\/TqxkfqLXBL<\/a>).<\/span><\/label><\/span><\/span><\/span>\n\t\t\t<\/p>\n\t\t<\/div>\n\t\t<p><button class=\"wpcf7-form-control wpcf7-submit btn btn-gradient-primary\" type=\"submit\" value=\"Send\">Send<\/button>\n\t\t<\/p>\n\t<\/div>\n<\/div><div class=\"wpcf7-response-output\" aria-hidden=\"true\"><\/div>\n<\/form>\n<\/div>\n      <\/div>\n    <\/div>\n  <\/div>\n<\/div>\n","protected":false},"excerpt":{"rendered":"","protected":false},"author":11,"featured_media":4550,"parent":0,"menu_order":0,"comment_status":"closed","ping_status":"closed","template":"views\/contact-collaborateur.blade.php","meta":{"_acf_changed":false,"footnotes":""},"class_list":["post-19786","page","type-page","status-publish","has-post-thumbnail","hentry"],"acf":[],"yoast_head":"<!-- This site is optimized with the Yoast SEO plugin v22.3 - https:\/\/yoast.com\/wordpress\/plugins\/seo\/ -->\n<title>David Dignac - PKF Arsilon<\/title>\n<meta name=\"description\" content=\"Contact David Dignac, Partner - Director of the Southern Region - Property and Foreign Investors Advisor at PKF Arsilon.\" \/>\n<meta name=\"robots\" content=\"noindex, follow, max-snippet:-1, max-image-preview:large, max-video-preview:-1\" \/>\n<meta property=\"og:locale\" content=\"en_US\" \/>\n<meta property=\"og:type\" content=\"article\" \/>\n<meta property=\"og:title\" content=\"David Dignac - PKF Arsilon\" \/>\n<meta property=\"og:description\" content=\"Contact David Dignac, Partner - Director of the Southern Region - Property and Foreign Investors Advisor at PKF Arsilon.\" \/>\n<meta property=\"og:url\" content=\"https:\/\/pp-pkfarsilon.web.oxv.fr\/en\/david-dignac\/\" \/>\n<meta property=\"og:site_name\" content=\"PKF Arsilon\" \/>\n<meta property=\"article:publisher\" content=\"https:\/\/www.facebook.com\/profile.php?id=100091444849279\" \/>\n<meta property=\"article:modified_time\" content=\"2022-03-01T13:25:04+00:00\" \/>\n<meta property=\"og:image\" content=\"https:\/\/pp-pkfarsilon.web.oxv.fr\/wp-content\/uploads\/2021\/06\/photo-dignac-david.jpg\" \/>\n\t<meta property=\"og:image:width\" content=\"384\" \/>\n\t<meta property=\"og:image:height\" content=\"384\" \/>\n\t<meta property=\"og:image:type\" content=\"image\/jpeg\" \/>\n<meta name=\"twitter:card\" content=\"summary_large_image\" \/>\n<meta name=\"twitter:site\" content=\"@PKFArsilon\" \/>\n<script type=\"application\/ld+json\" class=\"yoast-schema-graph\">{\"@context\":\"https:\/\/schema.org\",\"@graph\":[{\"@type\":\"WebPage\",\"@id\":\"https:\/\/pp-pkfarsilon.web.oxv.fr\/en\/david-dignac\/\",\"url\":\"https:\/\/pp-pkfarsilon.web.oxv.fr\/en\/david-dignac\/\",\"name\":\"David Dignac - PKF Arsilon\",\"isPartOf\":{\"@id\":\"https:\/\/pp-pkfarsilon.web.oxv.fr\/#website\"},\"primaryImageOfPage\":{\"@id\":\"https:\/\/pp-pkfarsilon.web.oxv.fr\/en\/david-dignac\/#primaryimage\"},\"image\":{\"@id\":\"https:\/\/pp-pkfarsilon.web.oxv.fr\/en\/david-dignac\/#primaryimage\"},\"thumbnailUrl\":\"https:\/\/pp-pkfarsilon.web.oxv.fr\/wp-content\/uploads\/2021\/06\/photo-dignac-david.jpg\",\"datePublished\":\"2022-02-18T17:17:16+00:00\",\"dateModified\":\"2022-03-01T13:25:04+00:00\",\"description\":\"Contact David Dignac, Partner - Director of the Southern Region - Property and Foreign Investors Advisor at PKF Arsilon.\",\"breadcrumb\":{\"@id\":\"https:\/\/pp-pkfarsilon.web.oxv.fr\/en\/david-dignac\/#breadcrumb\"},\"inLanguage\":\"en-US\",\"potentialAction\":[{\"@type\":\"ReadAction\",\"target\":[\"https:\/\/pp-pkfarsilon.web.oxv.fr\/en\/david-dignac\/\"]}]},{\"@type\":\"ImageObject\",\"inLanguage\":\"en-US\",\"@id\":\"https:\/\/pp-pkfarsilon.web.oxv.fr\/en\/david-dignac\/#primaryimage\",\"url\":\"https:\/\/pp-pkfarsilon.web.oxv.fr\/wp-content\/uploads\/2021\/06\/photo-dignac-david.jpg\",\"contentUrl\":\"https:\/\/pp-pkfarsilon.web.oxv.fr\/wp-content\/uploads\/2021\/06\/photo-dignac-david.jpg\",\"width\":384,\"height\":384,\"caption\":\"Photo-Dignac-David\"},{\"@type\":\"BreadcrumbList\",\"@id\":\"https:\/\/pp-pkfarsilon.web.oxv.fr\/en\/david-dignac\/#breadcrumb\",\"itemListElement\":[{\"@type\":\"ListItem\",\"position\":1,\"name\":\"Home\",\"item\":\"https:\/\/pp-pkfarsilon.web.oxv.fr\/en\/\"},{\"@type\":\"ListItem\",\"position\":2,\"name\":\"David Dignac\"}]},{\"@type\":\"WebSite\",\"@id\":\"https:\/\/pp-pkfarsilon.web.oxv.fr\/#website\",\"url\":\"https:\/\/pp-pkfarsilon.web.oxv.fr\/\",\"name\":\"PKF Arsilon\",\"description\":\"Ensemble, changeons la donne\",\"publisher\":{\"@id\":\"https:\/\/pp-pkfarsilon.web.oxv.fr\/#organization\"},\"potentialAction\":[{\"@type\":\"SearchAction\",\"target\":{\"@type\":\"EntryPoint\",\"urlTemplate\":\"https:\/\/pp-pkfarsilon.web.oxv.fr\/?s={search_term_string}\"},\"query-input\":\"required name=search_term_string\"}],\"inLanguage\":\"en-US\"},{\"@type\":\"Organization\",\"@id\":\"https:\/\/pp-pkfarsilon.web.oxv.fr\/#organization\",\"name\":\"PKF Arsilon\",\"url\":\"https:\/\/pp-pkfarsilon.web.oxv.fr\/\",\"logo\":{\"@type\":\"ImageObject\",\"inLanguage\":\"en-US\",\"@id\":\"https:\/\/pp-pkfarsilon.web.oxv.fr\/#\/schema\/logo\/image\/\",\"url\":\"https:\/\/pp-pkfarsilon.web.oxv.fr\/wp-content\/uploads\/2024\/01\/logo-pkf.svg\",\"contentUrl\":\"https:\/\/pp-pkfarsilon.web.oxv.fr\/wp-content\/uploads\/2024\/01\/logo-pkf.svg\",\"width\":1200,\"height\":480,\"caption\":\"PKF Arsilon\"},\"image\":{\"@id\":\"https:\/\/pp-pkfarsilon.web.oxv.fr\/#\/schema\/logo\/image\/\"},\"sameAs\":[\"https:\/\/www.facebook.com\/profile.php?id=100091444849279\",\"https:\/\/twitter.com\/PKFArsilon\",\"https:\/\/www.linkedin.com\/company\/18902389\/\",\"https:\/\/www.instagram.com\/pkfarsilon\/\",\"https:\/\/www.youtube.com\/channel\/UCslRTzP-XgV4Z-t2ItuBeDA\"]}]}<\/script>\n<!-- \/ Yoast SEO plugin. -->","yoast_head_json":{"title":"David Dignac - PKF Arsilon","description":"Contact David Dignac, Partner - Director of the Southern Region - Property and Foreign Investors Advisor at PKF Arsilon.","robots":{"index":"noindex","follow":"follow","max-snippet":"max-snippet:-1","max-image-preview":"max-image-preview:large","max-video-preview":"max-video-preview:-1"},"og_locale":"en_US","og_type":"article","og_title":"David Dignac - PKF Arsilon","og_description":"Contact David Dignac, Partner - Director of the Southern Region - Property and Foreign Investors Advisor at PKF Arsilon.","og_url":"https:\/\/pp-pkfarsilon.web.oxv.fr\/en\/david-dignac\/","og_site_name":"PKF Arsilon","article_publisher":"https:\/\/www.facebook.com\/profile.php?id=100091444849279","article_modified_time":"2022-03-01T13:25:04+00:00","og_image":[{"width":384,"height":384,"url":"https:\/\/pp-pkfarsilon.web.oxv.fr\/wp-content\/uploads\/2021\/06\/photo-dignac-david.jpg","type":"image\/jpeg"}],"twitter_card":"summary_large_image","twitter_site":"@PKFArsilon","schema":{"@context":"https:\/\/schema.org","@graph":[{"@type":"WebPage","@id":"https:\/\/pp-pkfarsilon.web.oxv.fr\/en\/david-dignac\/","url":"https:\/\/pp-pkfarsilon.web.oxv.fr\/en\/david-dignac\/","name":"David Dignac - PKF Arsilon","isPartOf":{"@id":"https:\/\/pp-pkfarsilon.web.oxv.fr\/#website"},"primaryImageOfPage":{"@id":"https:\/\/pp-pkfarsilon.web.oxv.fr\/en\/david-dignac\/#primaryimage"},"image":{"@id":"https:\/\/pp-pkfarsilon.web.oxv.fr\/en\/david-dignac\/#primaryimage"},"thumbnailUrl":"https:\/\/pp-pkfarsilon.web.oxv.fr\/wp-content\/uploads\/2021\/06\/photo-dignac-david.jpg","datePublished":"2022-02-18T17:17:16+00:00","dateModified":"2022-03-01T13:25:04+00:00","description":"Contact David Dignac, Partner - Director of the Southern Region - Property and Foreign Investors Advisor at PKF Arsilon.","breadcrumb":{"@id":"https:\/\/pp-pkfarsilon.web.oxv.fr\/en\/david-dignac\/#breadcrumb"},"inLanguage":"en-US","potentialAction":[{"@type":"ReadAction","target":["https:\/\/pp-pkfarsilon.web.oxv.fr\/en\/david-dignac\/"]}]},{"@type":"ImageObject","inLanguage":"en-US","@id":"https:\/\/pp-pkfarsilon.web.oxv.fr\/en\/david-dignac\/#primaryimage","url":"https:\/\/pp-pkfarsilon.web.oxv.fr\/wp-content\/uploads\/2021\/06\/photo-dignac-david.jpg","contentUrl":"https:\/\/pp-pkfarsilon.web.oxv.fr\/wp-content\/uploads\/2021\/06\/photo-dignac-david.jpg","width":384,"height":384,"caption":"Photo-Dignac-David"},{"@type":"BreadcrumbList","@id":"https:\/\/pp-pkfarsilon.web.oxv.fr\/en\/david-dignac\/#breadcrumb","itemListElement":[{"@type":"ListItem","position":1,"name":"Home","item":"https:\/\/pp-pkfarsilon.web.oxv.fr\/en\/"},{"@type":"ListItem","position":2,"name":"David Dignac"}]},{"@type":"WebSite","@id":"https:\/\/pp-pkfarsilon.web.oxv.fr\/#website","url":"https:\/\/pp-pkfarsilon.web.oxv.fr\/","name":"PKF Arsilon","description":"Ensemble, changeons la donne","publisher":{"@id":"https:\/\/pp-pkfarsilon.web.oxv.fr\/#organization"},"potentialAction":[{"@type":"SearchAction","target":{"@type":"EntryPoint","urlTemplate":"https:\/\/pp-pkfarsilon.web.oxv.fr\/?s={search_term_string}"},"query-input":"required name=search_term_string"}],"inLanguage":"en-US"},{"@type":"Organization","@id":"https:\/\/pp-pkfarsilon.web.oxv.fr\/#organization","name":"PKF Arsilon","url":"https:\/\/pp-pkfarsilon.web.oxv.fr\/","logo":{"@type":"ImageObject","inLanguage":"en-US","@id":"https:\/\/pp-pkfarsilon.web.oxv.fr\/#\/schema\/logo\/image\/","url":"https:\/\/pp-pkfarsilon.web.oxv.fr\/wp-content\/uploads\/2024\/01\/logo-pkf.svg","contentUrl":"https:\/\/pp-pkfarsilon.web.oxv.fr\/wp-content\/uploads\/2024\/01\/logo-pkf.svg","width":1200,"height":480,"caption":"PKF Arsilon"},"image":{"@id":"https:\/\/pp-pkfarsilon.web.oxv.fr\/#\/schema\/logo\/image\/"},"sameAs":["https:\/\/www.facebook.com\/profile.php?id=100091444849279","https:\/\/twitter.com\/PKFArsilon","https:\/\/www.linkedin.com\/company\/18902389\/","https:\/\/www.instagram.com\/pkfarsilon\/","https:\/\/www.youtube.com\/channel\/UCslRTzP-XgV4Z-t2ItuBeDA"]}]}},"_links":{"self":[{"href":"https:\/\/pp-pkfarsilon.web.oxv.fr\/en\/wp-json\/wp\/v2\/pages\/19786","targetHints":{"allow":["GET"]}}],"collection":[{"href":"https:\/\/pp-pkfarsilon.web.oxv.fr\/en\/wp-json\/wp\/v2\/pages"}],"about":[{"href":"https:\/\/pp-pkfarsilon.web.oxv.fr\/en\/wp-json\/wp\/v2\/types\/page"}],"author":[{"embeddable":true,"href":"https:\/\/pp-pkfarsilon.web.oxv.fr\/en\/wp-json\/wp\/v2\/users\/11"}],"replies":[{"embeddable":true,"href":"https:\/\/pp-pkfarsilon.web.oxv.fr\/en\/wp-json\/wp\/v2\/comments?post=19786"}],"version-history":[{"count":6,"href":"https:\/\/pp-pkfarsilon.web.oxv.fr\/en\/wp-json\/wp\/v2\/pages\/19786\/revisions"}],"predecessor-version":[{"id":22538,"href":"https:\/\/pp-pkfarsilon.web.oxv.fr\/en\/wp-json\/wp\/v2\/pages\/19786\/revisions\/22538"}],"wp:featuredmedia":[{"embeddable":true,"href":"https:\/\/pp-pkfarsilon.web.oxv.fr\/en\/wp-json\/wp\/v2\/media\/4550"}],"wp:attachment":[{"href":"https:\/\/pp-pkfarsilon.web.oxv.fr\/en\/wp-json\/wp\/v2\/media?parent=19786"}],"curies":[{"name":"wp","href":"https:\/\/api.w.org\/{rel}","templated":true}]}}