{"id":20458,"date":"2022-02-18T15:49:54","date_gmt":"2022-02-18T14:49:54","guid":{"rendered":"https:\/\/www.pkf-arsilon.com\/?page_id=20458"},"modified":"2022-05-23T16:52:08","modified_gmt":"2022-05-23T14:52:08","slug":"delegated-management","status":"publish","type":"page","link":"https:\/\/pp-pkfarsilon.web.oxv.fr\/en\/your-needs\/technical-expertise\/payroll-corporate\/delegated-management\/","title":{"rendered":"Delegated management"},"content":{"rendered":"<div id=\"\" class=\"container-fluid s-banner\">\n    <div class=\"container\">\n    <div class=\"text\">\n                    <p class=\"tag\">Payroll &#038; Corporate<\/p>\n            <h1 class=\"title\">Delegated management<\/h1>\n      <p>Ensure the continuity of your payroll &#038; corporate service activity.<\/p>\n    <\/div>\n  <\/div>\n<\/div>\n\n<div class=\"container\">\n  <div class=\"b-breadcrumb\"><span><span><a href=\"https:\/\/pp-pkfarsilon.web.oxv.fr\/en\/\">Home<\/a><\/span><\/span><\/div><\/div>\n\n<div class=\"s-subexpertise-top\">\n  <div class=\"container\">\n    <div class=\"row\">\n      <div class=\"col-lg-8\">\n        <div class=\"top__texte\">\n          <p class=\"intro\">\n            During the life of a company, many situations may require additional skills in payroll management to handle reorganisation of the HR department, internal errors, recruitment difficulties, etc. <br \/>\r\n<br \/>\r\n          <\/p>\n          <div class=\"b-wysiwyg\">\n            <p>In order to ensure the continuity of your activity, we\u2019ll take over, providing you with a qualified resource. We also ensure the continuity of relationships with all the organisations in contact with your company: Urssaf, pension funds, reserve funds, trade unions, CSE, DGFIP, occupational health.<\/p>\n          <\/div>\n        <\/div>\n      <\/div>\n                        <div class=\"offset-lg-1 col-lg-3 d-none d-lg-block\">\n            <div class=\"top__info-right\">\n              <img loading=\"lazy\" decoding=\"async\" width=\"59\" height=\"60\" src=\"https:\/\/pp-pkfarsilon.web.oxv.fr\/wp-content\/uploads\/2021\/05\/icon-bleu-turquoise-53.svg\" class=\"icon\" alt=\"Gestion d\u00e9l\u00e9gu\u00e9e\" \/>              <p class=\"title\">A qualified resource at your disposal.<\/p>\n                          <\/div>\n          <\/div>\n                  <\/div>\n  <\/div>\n<\/div>\n\n\n<div id=\"\" class=\"s-expertise-quote\">\n  <div class=\"container\">\n    <div class=\"row align-items-center\">\n      <div class=\"col-lg-6\">\n        <div class=\"text\">\n                        <h3 class=\"subtitle\">Your contact<\/h3>\n                                  <h2 class=\"title\">Payroll and corporate management experts to support you<\/h2>\n                                                          <a class=\"btn btn-gradient-outline-white\" href=\"https:\/\/pp-pkfarsilon.web.oxv.fr\/en\/find-your-contact\/\">Find your contact<\/a>\n                              <\/div>\n      <\/div>\n                    <div class=\"col-lg-6\">\n          <div class=\"quote\">\n            <p class=\"quote__text\">\n              <i class=\"icon-quote icon-quote--top\"><\/i>\n                              Free yourself from the constraints of payroll, employment law, and HR management and concentrate on your business.                            <i class=\"icon-quote icon-quote--bottom\"><\/i>\n            <\/p>\n            <div class=\"quote__author\">\n                                            <div class=\"author-photo available\">\n                  <div class=\"img\">\n                    <img loading=\"lazy\" decoding=\"async\" width=\"384\" height=\"384\" src=\"https:\/\/pp-pkfarsilon.web.oxv.fr\/wp-content\/uploads\/2021\/06\/photo-bouley-eric.jpg\" class=\"attachment-full size-full\" alt=\"Photo-Bouley-Eric\" srcset=\"https:\/\/pp-pkfarsilon.web.oxv.fr\/wp-content\/uploads\/2021\/06\/photo-bouley-eric.jpg 384w, https:\/\/pp-pkfarsilon.web.oxv.fr\/wp-content\/uploads\/2021\/06\/photo-bouley-eric-300x300.jpg 300w, https:\/\/pp-pkfarsilon.web.oxv.fr\/wp-content\/uploads\/2021\/06\/photo-bouley-eric-150x150.jpg 150w\" sizes=\"auto, (max-width: 384px) 100vw, 384px\" \/>                  <\/div>\n                <\/div>\n                            <div class=\"infos\">\n                Eric <span class=\"lastname\">Bouley<\/span><br\/>\n                                                    Payroll &#038; Corporate Advisor Partner &#8211; PKF Arsilon                              <\/div>\n            <\/div>\n          <\/div>\n        <\/div>\n          <\/div>\n  <\/div>\n<\/div>\n\n\n<div id=\"\" class=\"s-text-img img-right edito__section container\">\n    <div class=\"row\">\n                <div class=\"col-lg-6 col-text b-wysiwyg\">\n              <h3 class=\"section__subtitle\">Our expertise<\/h3>\n  <h2 class=\"section__title\">We provide administrative management and payroll processing<\/h2>\n            <div class=\"paragrah\">\n                <p>Whatever your needs, we intervene quickly to ensure the successful daily management of your department. Our advisers take the place of missing resources and carry out all the tasks on your behalf, including<\/p>\n<ul>\n<li>Hiring formalities (declaration of hiring, registration of employees with the various funds, etc.)<\/li>\n<li>Administrative management of the employee&#8217;s position (follow-up of medical examinations, medical leaves of absence, etc.)<\/li>\n<li>Exit formalities (balance of accounts, certificates, etc.)<\/li>\n<li>Payroll processing in your software Social contribution declarations<\/li>\n<li>Post-payroll statements and updating of your dashboards<\/li>\n<\/ul>\n            <\/div>\n                                <\/div>\n                    <div class=\"col-lg-6 col-img\">\n                <img loading=\"lazy\" decoding=\"async\" width=\"1264\" height=\"1264\" src=\"https:\/\/pp-pkfarsilon.web.oxv.fr\/wp-content\/uploads\/2021\/06\/img-carre-1264-1216917032.jpg\" class=\"attachment-full size-full\" alt=\"\" srcset=\"https:\/\/pp-pkfarsilon.web.oxv.fr\/wp-content\/uploads\/2021\/06\/img-carre-1264-1216917032.jpg 1264w, https:\/\/pp-pkfarsilon.web.oxv.fr\/wp-content\/uploads\/2021\/06\/img-carre-1264-1216917032-300x300.jpg 300w, https:\/\/pp-pkfarsilon.web.oxv.fr\/wp-content\/uploads\/2021\/06\/img-carre-1264-1216917032-1024x1024.jpg 1024w, https:\/\/pp-pkfarsilon.web.oxv.fr\/wp-content\/uploads\/2021\/06\/img-carre-1264-1216917032-150x150.jpg 150w, https:\/\/pp-pkfarsilon.web.oxv.fr\/wp-content\/uploads\/2021\/06\/img-carre-1264-1216917032-768x768.jpg 768w, https:\/\/pp-pkfarsilon.web.oxv.fr\/wp-content\/uploads\/2021\/06\/img-carre-1264-1216917032-115x115.jpg 115w\" sizes=\"auto, (max-width: 1264px) 100vw, 1264px\" \/>            <\/div>\n            <\/div>\n<\/div>\n","protected":false},"excerpt":{"rendered":"<p>In order to ensure the continuity of your activity, we\u2019ll take over, providing you with a qualified resource. We also ensure the continuity of relationships with all the organisations in contact with your company: Urssaf, pension funds, reserve funds, trade unions, CSE, DGFIP, occupational health.<\/p>\n","protected":false},"author":11,"featured_media":0,"parent":20408,"menu_order":18,"comment_status":"closed","ping_status":"closed","template":"views\/sub-expertise-inte.blade.php","meta":{"_acf_changed":false,"footnotes":""},"class_list":["post-20458","page","type-page","status-publish","hentry"],"acf":[],"yoast_head":"<!-- This site is optimized with the Yoast SEO plugin v22.3 - https:\/\/yoast.com\/wordpress\/plugins\/seo\/ -->\n<title>Delegated management - PKF Arsilon<\/title>\n<meta name=\"description\" content=\"Ensure the continuity of your payroll &amp; corporate service. We\u2019ll take over, providing you with a qualified resource.\" \/>\n<meta name=\"robots\" content=\"noindex, follow, max-snippet:-1, max-image-preview:large, max-video-preview:-1\" \/>\n<meta property=\"og:locale\" content=\"en_US\" \/>\n<meta property=\"og:type\" content=\"article\" \/>\n<meta property=\"og:title\" content=\"Delegated management - PKF Arsilon\" \/>\n<meta property=\"og:description\" content=\"Ensure the continuity of your payroll &amp; corporate service. We\u2019ll take over, providing you with a qualified resource.\" \/>\n<meta property=\"og:url\" content=\"https:\/\/pp-pkfarsilon.web.oxv.fr\/en\/your-needs\/technical-expertise\/payroll-corporate\/delegated-management\/\" \/>\n<meta property=\"og:site_name\" content=\"PKF Arsilon\" \/>\n<meta property=\"article:publisher\" content=\"https:\/\/www.facebook.com\/profile.php?id=100091444849279\" \/>\n<meta property=\"article:modified_time\" content=\"2022-05-23T14:52:08+00:00\" \/>\n<meta name=\"twitter:card\" content=\"summary_large_image\" \/>\n<meta name=\"twitter:site\" content=\"@PKFArsilon\" \/>\n<script type=\"application\/ld+json\" class=\"yoast-schema-graph\">{\"@context\":\"https:\/\/schema.org\",\"@graph\":[{\"@type\":\"WebPage\",\"@id\":\"https:\/\/pp-pkfarsilon.web.oxv.fr\/en\/your-needs\/technical-expertise\/payroll-corporate\/delegated-management\/\",\"url\":\"https:\/\/pp-pkfarsilon.web.oxv.fr\/en\/your-needs\/technical-expertise\/payroll-corporate\/delegated-management\/\",\"name\":\"Delegated management - PKF Arsilon\",\"isPartOf\":{\"@id\":\"https:\/\/pp-pkfarsilon.web.oxv.fr\/#website\"},\"datePublished\":\"2022-02-18T14:49:54+00:00\",\"dateModified\":\"2022-05-23T14:52:08+00:00\",\"description\":\"Ensure the continuity of your payroll & corporate service. We\u2019ll take over, providing you with a qualified resource.\",\"breadcrumb\":{\"@id\":\"https:\/\/pp-pkfarsilon.web.oxv.fr\/en\/your-needs\/technical-expertise\/payroll-corporate\/delegated-management\/#breadcrumb\"},\"inLanguage\":\"en-US\",\"potentialAction\":[{\"@type\":\"ReadAction\",\"target\":[\"https:\/\/pp-pkfarsilon.web.oxv.fr\/en\/your-needs\/technical-expertise\/payroll-corporate\/delegated-management\/\"]}]},{\"@type\":\"BreadcrumbList\",\"@id\":\"https:\/\/pp-pkfarsilon.web.oxv.fr\/en\/your-needs\/technical-expertise\/payroll-corporate\/delegated-management\/#breadcrumb\",\"itemListElement\":[{\"@type\":\"ListItem\",\"position\":1,\"name\":\"Home\",\"item\":\"https:\/\/pp-pkfarsilon.web.oxv.fr\/en\/\"},{\"@type\":\"ListItem\",\"position\":2,\"name\":\"Your needs\",\"item\":\"https:\/\/pp-pkfarsilon.web.oxv.fr\/en\/your-needs\/\"},{\"@type\":\"ListItem\",\"position\":3,\"name\":\"Technical Expertises\",\"item\":\"https:\/\/pp-pkfarsilon.web.oxv.fr\/en\/your-needs\/technical-expertise\/\"},{\"@type\":\"ListItem\",\"position\":4,\"name\":\"Payroll &#038; Corporate\",\"item\":\"https:\/\/pp-pkfarsilon.web.oxv.fr\/en\/your-needs\/technical-expertise\/payroll-corporate\/\"},{\"@type\":\"ListItem\",\"position\":5,\"name\":\"Delegated management\"}]},{\"@type\":\"WebSite\",\"@id\":\"https:\/\/pp-pkfarsilon.web.oxv.fr\/#website\",\"url\":\"https:\/\/pp-pkfarsilon.web.oxv.fr\/\",\"name\":\"PKF Arsilon\",\"description\":\"Ensemble, changeons la donne\",\"publisher\":{\"@id\":\"https:\/\/pp-pkfarsilon.web.oxv.fr\/#organization\"},\"potentialAction\":[{\"@type\":\"SearchAction\",\"target\":{\"@type\":\"EntryPoint\",\"urlTemplate\":\"https:\/\/pp-pkfarsilon.web.oxv.fr\/?s={search_term_string}\"},\"query-input\":\"required name=search_term_string\"}],\"inLanguage\":\"en-US\"},{\"@type\":\"Organization\",\"@id\":\"https:\/\/pp-pkfarsilon.web.oxv.fr\/#organization\",\"name\":\"PKF Arsilon\",\"url\":\"https:\/\/pp-pkfarsilon.web.oxv.fr\/\",\"logo\":{\"@type\":\"ImageObject\",\"inLanguage\":\"en-US\",\"@id\":\"https:\/\/pp-pkfarsilon.web.oxv.fr\/#\/schema\/logo\/image\/\",\"url\":\"https:\/\/pp-pkfarsilon.web.oxv.fr\/wp-content\/uploads\/2024\/01\/logo-pkf.svg\",\"contentUrl\":\"https:\/\/pp-pkfarsilon.web.oxv.fr\/wp-content\/uploads\/2024\/01\/logo-pkf.svg\",\"width\":1200,\"height\":480,\"caption\":\"PKF Arsilon\"},\"image\":{\"@id\":\"https:\/\/pp-pkfarsilon.web.oxv.fr\/#\/schema\/logo\/image\/\"},\"sameAs\":[\"https:\/\/www.facebook.com\/profile.php?id=100091444849279\",\"https:\/\/twitter.com\/PKFArsilon\",\"https:\/\/www.linkedin.com\/company\/18902389\/\",\"https:\/\/www.instagram.com\/pkfarsilon\/\",\"https:\/\/www.youtube.com\/channel\/UCslRTzP-XgV4Z-t2ItuBeDA\"]}]}<\/script>\n<!-- \/ Yoast SEO plugin. -->","yoast_head_json":{"title":"Delegated management - PKF Arsilon","description":"Ensure the continuity of your payroll & corporate service. We\u2019ll take over, providing you with a qualified resource.","robots":{"index":"noindex","follow":"follow","max-snippet":"max-snippet:-1","max-image-preview":"max-image-preview:large","max-video-preview":"max-video-preview:-1"},"og_locale":"en_US","og_type":"article","og_title":"Delegated management - PKF Arsilon","og_description":"Ensure the continuity of your payroll & corporate service. We\u2019ll take over, providing you with a qualified resource.","og_url":"https:\/\/pp-pkfarsilon.web.oxv.fr\/en\/your-needs\/technical-expertise\/payroll-corporate\/delegated-management\/","og_site_name":"PKF Arsilon","article_publisher":"https:\/\/www.facebook.com\/profile.php?id=100091444849279","article_modified_time":"2022-05-23T14:52:08+00:00","twitter_card":"summary_large_image","twitter_site":"@PKFArsilon","schema":{"@context":"https:\/\/schema.org","@graph":[{"@type":"WebPage","@id":"https:\/\/pp-pkfarsilon.web.oxv.fr\/en\/your-needs\/technical-expertise\/payroll-corporate\/delegated-management\/","url":"https:\/\/pp-pkfarsilon.web.oxv.fr\/en\/your-needs\/technical-expertise\/payroll-corporate\/delegated-management\/","name":"Delegated management - PKF Arsilon","isPartOf":{"@id":"https:\/\/pp-pkfarsilon.web.oxv.fr\/#website"},"datePublished":"2022-02-18T14:49:54+00:00","dateModified":"2022-05-23T14:52:08+00:00","description":"Ensure the continuity of your payroll & corporate service. We\u2019ll take over, providing you with a qualified resource.","breadcrumb":{"@id":"https:\/\/pp-pkfarsilon.web.oxv.fr\/en\/your-needs\/technical-expertise\/payroll-corporate\/delegated-management\/#breadcrumb"},"inLanguage":"en-US","potentialAction":[{"@type":"ReadAction","target":["https:\/\/pp-pkfarsilon.web.oxv.fr\/en\/your-needs\/technical-expertise\/payroll-corporate\/delegated-management\/"]}]},{"@type":"BreadcrumbList","@id":"https:\/\/pp-pkfarsilon.web.oxv.fr\/en\/your-needs\/technical-expertise\/payroll-corporate\/delegated-management\/#breadcrumb","itemListElement":[{"@type":"ListItem","position":1,"name":"Home","item":"https:\/\/pp-pkfarsilon.web.oxv.fr\/en\/"},{"@type":"ListItem","position":2,"name":"Your needs","item":"https:\/\/pp-pkfarsilon.web.oxv.fr\/en\/your-needs\/"},{"@type":"ListItem","position":3,"name":"Technical Expertises","item":"https:\/\/pp-pkfarsilon.web.oxv.fr\/en\/your-needs\/technical-expertise\/"},{"@type":"ListItem","position":4,"name":"Payroll &#038; Corporate","item":"https:\/\/pp-pkfarsilon.web.oxv.fr\/en\/your-needs\/technical-expertise\/payroll-corporate\/"},{"@type":"ListItem","position":5,"name":"Delegated management"}]},{"@type":"WebSite","@id":"https:\/\/pp-pkfarsilon.web.oxv.fr\/#website","url":"https:\/\/pp-pkfarsilon.web.oxv.fr\/","name":"PKF Arsilon","description":"Ensemble, changeons la donne","publisher":{"@id":"https:\/\/pp-pkfarsilon.web.oxv.fr\/#organization"},"potentialAction":[{"@type":"SearchAction","target":{"@type":"EntryPoint","urlTemplate":"https:\/\/pp-pkfarsilon.web.oxv.fr\/?s={search_term_string}"},"query-input":"required name=search_term_string"}],"inLanguage":"en-US"},{"@type":"Organization","@id":"https:\/\/pp-pkfarsilon.web.oxv.fr\/#organization","name":"PKF Arsilon","url":"https:\/\/pp-pkfarsilon.web.oxv.fr\/","logo":{"@type":"ImageObject","inLanguage":"en-US","@id":"https:\/\/pp-pkfarsilon.web.oxv.fr\/#\/schema\/logo\/image\/","url":"https:\/\/pp-pkfarsilon.web.oxv.fr\/wp-content\/uploads\/2024\/01\/logo-pkf.svg","contentUrl":"https:\/\/pp-pkfarsilon.web.oxv.fr\/wp-content\/uploads\/2024\/01\/logo-pkf.svg","width":1200,"height":480,"caption":"PKF Arsilon"},"image":{"@id":"https:\/\/pp-pkfarsilon.web.oxv.fr\/#\/schema\/logo\/image\/"},"sameAs":["https:\/\/www.facebook.com\/profile.php?id=100091444849279","https:\/\/twitter.com\/PKFArsilon","https:\/\/www.linkedin.com\/company\/18902389\/","https:\/\/www.instagram.com\/pkfarsilon\/","https:\/\/www.youtube.com\/channel\/UCslRTzP-XgV4Z-t2ItuBeDA"]}]}},"_links":{"self":[{"href":"https:\/\/pp-pkfarsilon.web.oxv.fr\/en\/wp-json\/wp\/v2\/pages\/20458","targetHints":{"allow":["GET"]}}],"collection":[{"href":"https:\/\/pp-pkfarsilon.web.oxv.fr\/en\/wp-json\/wp\/v2\/pages"}],"about":[{"href":"https:\/\/pp-pkfarsilon.web.oxv.fr\/en\/wp-json\/wp\/v2\/types\/page"}],"author":[{"embeddable":true,"href":"https:\/\/pp-pkfarsilon.web.oxv.fr\/en\/wp-json\/wp\/v2\/users\/11"}],"replies":[{"embeddable":true,"href":"https:\/\/pp-pkfarsilon.web.oxv.fr\/en\/wp-json\/wp\/v2\/comments?post=20458"}],"version-history":[{"count":5,"href":"https:\/\/pp-pkfarsilon.web.oxv.fr\/en\/wp-json\/wp\/v2\/pages\/20458\/revisions"}],"predecessor-version":[{"id":25572,"href":"https:\/\/pp-pkfarsilon.web.oxv.fr\/en\/wp-json\/wp\/v2\/pages\/20458\/revisions\/25572"}],"up":[{"embeddable":true,"href":"https:\/\/pp-pkfarsilon.web.oxv.fr\/en\/wp-json\/wp\/v2\/pages\/20408"}],"wp:attachment":[{"href":"https:\/\/pp-pkfarsilon.web.oxv.fr\/en\/wp-json\/wp\/v2\/media?parent=20458"}],"curies":[{"name":"wp","href":"https:\/\/api.w.org\/{rel}","templated":true}]}}