{"id":108621,"date":"2022-10-19T17:01:55","date_gmt":"2022-10-19T15:01:55","guid":{"rendered":"https:\/\/www.pkf-arsilon.com\/?page_id=108621"},"modified":"2023-07-19T15:16:45","modified_gmt":"2023-07-19T13:16:45","slug":"%e5%a7%94%e6%89%98%e7%ae%a1%e7%90%86","status":"publish","type":"page","link":"https:\/\/pp-pkfarsilon.web.oxv.fr\/zh-hans\/%e6%82%a8%e7%9a%84%e9%9c%80%e6%b1%82\/%e4%b8%93%e4%b8%9a%e9%a1%be%e9%97%ae\/%e8%96%aa%e9%85%ac%e4%b8%8e%e4%ba%ba%e4%ba%8b\/%e5%a7%94%e6%89%98%e7%ae%a1%e7%90%86\/","title":{"rendered":"\u4eba\u4e8b\u4ee3\u7406"},"content":{"rendered":"<div id=\"\" class=\"container-fluid s-banner\">\n    <div class=\"img\">\n    <img loading=\"lazy\" decoding=\"async\" width=\"2000\" height=\"735\" src=\"https:\/\/pp-pkfarsilon.web.oxv.fr\/wp-content\/uploads\/2021\/06\/img-header-625738210-2000.jpg\" class=\"attachment-full size-full wp-post-image\" alt=\"\" srcset=\"https:\/\/pp-pkfarsilon.web.oxv.fr\/wp-content\/uploads\/2021\/06\/img-header-625738210-2000.jpg 2000w, https:\/\/pp-pkfarsilon.web.oxv.fr\/wp-content\/uploads\/2021\/06\/img-header-625738210-2000-300x110.jpg 300w, https:\/\/pp-pkfarsilon.web.oxv.fr\/wp-content\/uploads\/2021\/06\/img-header-625738210-2000-1024x376.jpg 1024w, https:\/\/pp-pkfarsilon.web.oxv.fr\/wp-content\/uploads\/2021\/06\/img-header-625738210-2000-768x282.jpg 768w, https:\/\/pp-pkfarsilon.web.oxv.fr\/wp-content\/uploads\/2021\/06\/img-header-625738210-2000-1536x564.jpg 1536w, https:\/\/pp-pkfarsilon.web.oxv.fr\/wp-content\/uploads\/2021\/06\/img-header-625738210-2000-115x42.jpg 115w\" sizes=\"auto, (max-width: 2000px) 100vw, 2000px\" \/>  <\/div>\n    <div class=\"container\">\n    <div class=\"text\">\n                    <p class=\"tag\">\u85aa\u916c\u4e0e\u4eba\u4e8b<\/p>\n            <h1 class=\"title\">\u4eba\u4e8b\u4ee3\u7406<\/h1>\n      <p>\u786e\u4fdd\u85aa\u8d44\u548c\u4eba\u4e8b\u670d\u52a1\u7684\u8fde\u7eed\u6027<\/p>\n    <\/div>\n  <\/div>\n<\/div>\n\n<div class=\"container\">\n  <div class=\"b-breadcrumb\"><span><span><a href=\"https:\/\/pp-pkfarsilon.web.oxv.fr\/zh-hans\/\">\u9996\u9875<\/a><\/span><\/span><\/div><\/div>\n\n<div class=\"s-subexpertise-top\">\n  <div class=\"container\">\n    <div class=\"row\">\n      <div class=\"col-lg-8\">\n        <div class=\"top__texte\">\n          <p class=\"intro\">\n            \u5728\u516c\u53f8\u7684\u65e5\u5e38\u7ecf\u8425\u4e2d\uff0c\u5728\u8bb8\u591a\u60c5\u51b5\u4e0b\u53ef\u80fd\u9700\u8981\u589e\u5f3a\u85aa\u916c\u7ba1\u7406\u7684\u80fd\u529b\uff0c\u4f8b\u5982\uff1a\u4eba\u529b\u8d44\u6e90\u90e8\u95e8\u7684\u91cd\u7ec4\u3001\u4f01\u4e1a\u7684\u5185\u90e8\u7ba1\u7406\u5931\u8861\u3001\u62db\u8058\u56f0\u96be\u2026          <\/p>\n          <div class=\"b-wysiwyg\">\n            <p>\u6211\u4eec\u4f1a\u4e3a\u60a8\u63d0\u4f9b\u6700\u6709\u8d44\u8d28\u7684\u4eba\u529b\u8d44\u6e90\u7528\u4ee5\u786e\u4fdd\u8d35\u53f8\u65e5\u5e38\u4e1a\u52a1\u7ecf\u8425\u7684\u8fde\u7eed\u6027\u3002\u540c\u65f6\uff0c\u6211\u4eec\u5e2e\u52a9\u60a8\u4e0e\u5404\u65b9\u76f8\u5173\u7ec4\u7ec7\u4fdd\u6301\u8054\u7cfb\uff1a\u6cd5\u56fd\u793e\u4f1a\u4fdd\u9669\u8d39\u53ca\u5bb6\u5ead\u8865\u52a9\u91d1\u5f81\u6536\u8054\u5408\u673a\u6784\uff08URSSAF\uff09\u3001\u6cd5\u56fd\u9000\u4f11\u91d1\u7ba1\u7406\u5c40\u3001\u6cd5\u56fd\u516c\u79ef\u91d1\u7ba1\u7406\u4e2d\u5fc3\u3001\u6cd5\u56fd\u5de5\u4f1a\u3001\u6cd5\u56fd\u7ecf\u6d4e\u4e0e\u793e\u4f1a\u59d4\u5458\u4f1a\uff08CSE\uff09\u3001\u6cd5\u56fd\u516c\u5171\u8d22\u653f\u603b\u5c40\uff08DGFIP\uff09\u3001\u804c\u4e1a\u9884\u9632\u4fdd\u5065\u533b\u751f\u3002<\/p>\n          <\/div>\n        <\/div>\n      <\/div>\n                        <div class=\"offset-lg-1 col-lg-3 d-none d-lg-block\">\n            <div class=\"top__info-right\">\n              <img loading=\"lazy\" decoding=\"async\" width=\"59\" height=\"60\" src=\"https:\/\/pp-pkfarsilon.web.oxv.fr\/wp-content\/uploads\/2021\/05\/icon-bleu-turquoise-53.svg\" class=\"icon\" alt=\"Gestion d\u00e9l\u00e9gu\u00e9e\" \/>              <p class=\"title\">\u4e3a\u60a8\u63d0\u4f9b\u503c\u5f97\u4fe1\u8d56\u7684\u8d44\u6e90<\/p>\n                          <\/div>\n          <\/div>\n                  <\/div>\n  <\/div>\n<\/div>\n\n\n<div id=\"\" class=\"s-expertise-quote\">\n  <div class=\"container\">\n    <div class=\"row align-items-center\">\n      <div class=\"col-lg-6\">\n        <div class=\"text\">\n                        <h3 class=\"subtitle\">\u8054\u7cfb\u6211\u4eec<\/h3>\n                                  <h2 class=\"title\">\u60a8\u8eab\u8fb9\u7684\u4e13\u5bb6<br \/>\r\n\u4e3a\u60a8\u63d0\u4f9b\u966a\u4f34\u548c\u5efa\u8bae<\/h2>\n                                                          <a class=\"btn btn-gradient-outline-white\" href=\"https:\/\/pp-pkfarsilon.web.oxv.fr\/zh-hans\/helene-caris-tsang\/\">\u8054\u7cfb\u6211\u4eec<\/a>\n                              <\/div>\n      <\/div>\n                    <div class=\"col-lg-6\">\n          <div class=\"quote\">\n            <p class=\"quote__text\">\n              <i class=\"icon-quote icon-quote--top\"><\/i>\n                              \u5c06\u81ea\u5df1\u4ece\u5de5\u8d44\u5355\uff0c\u5c31\u4e1a\u6cd5\u548c\u4eba\u529b\u8d44\u6e90\u7ba1\u7406\u7684\u9650\u5236\u4e2d\u89e3\u653e\u51fa\u6765\uff0c\u4e13\u6ce8\u4e8e\u60a8\u7684\u4e1a\u52a1\u3002                            <i class=\"icon-quote icon-quote--bottom\"><\/i>\n            <\/p>\n            <div class=\"quote__author\">\n                                            <div class=\"author-photo available\">\n                  <div class=\"img\">\n                    <img loading=\"lazy\" decoding=\"async\" width=\"384\" height=\"384\" src=\"https:\/\/pp-pkfarsilon.web.oxv.fr\/wp-content\/uploads\/2021\/06\/photo-caris-tsang-helene.jpg\" class=\"attachment-full size-full\" alt=\"Photo-Caris-Tsang-H\u00e9l\u00e8ne\" srcset=\"https:\/\/pp-pkfarsilon.web.oxv.fr\/wp-content\/uploads\/2021\/06\/photo-caris-tsang-helene.jpg 384w, https:\/\/pp-pkfarsilon.web.oxv.fr\/wp-content\/uploads\/2021\/06\/photo-caris-tsang-helene-300x300.jpg 300w, https:\/\/pp-pkfarsilon.web.oxv.fr\/wp-content\/uploads\/2021\/06\/photo-caris-tsang-helene-150x150.jpg 150w\" sizes=\"auto, (max-width: 384px) 100vw, 384px\" \/>                  <\/div>\n                <\/div>\n                            <div class=\"infos\">\n                H\u00e9l\u00e8ne <span class=\"lastname\">Caris Tsang<\/span><br\/>\n                                                    \u85aa\u916c\u4e0e\u4eba\u4e8b &#8211; PKF Arsilon                              <\/div>\n            <\/div>\n          <\/div>\n        <\/div>\n          <\/div>\n  <\/div>\n<\/div>\n\n\n<div id=\"\" class=\"s-text-img img-right edito__section container\">\n    <div class=\"row\">\n                <div class=\"col-lg-6 col-text b-wysiwyg\">\n              <h3 class=\"section__subtitle\">\u6211\u4eec\u7684\u4e13\u5bb6<\/h3>\n  <h2 class=\"section__title\">\u4fdd\u8bc1\u60a8\u7684\u884c\u653f\u3001\u85aa\u916c\u7ba1\u7406<\/h2>\n            <div class=\"paragrah\">\n                <p>\u65e0\u8bba\u60a8\u7684\u9700\u6c42\u662f\u4ec0\u4e48\uff0c\u6211\u4eec\u90fd\u4f1a\u5feb\u901f\u5730\u56de\u5e94\uff0c\u4ee5\u786e\u4fdd\u8d35\u53f8\u7684\u4eba\u4e8b\u4ee3\u7406\u670d\u52a1\u5f97\u5230\u53ca\u65f6\u7684\u65e5\u5e38\u7ba1\u7406\u3002\u6211\u4eec\u7684\u987e\u95ee\u53ef\u4ee5\u53d6\u4ee3\u60a8\u7f3a\u5931\u7684\u4eba\u529b\u8d44\u6e90\uff0c\u5e76\u4ee3\u60a8\u5b8c\u6210\u5168\u90e8\u7684\u5de5\u4f5c\uff0c\u4e3b\u8981\u5305\u62ec\uff1a<\/p>\n<ul>\n<li>\u62db\u8058\u624b\u7eed\uff08\u62db\u8058\u58f0\u660e\u3001\u4e3a\u5458\u5de5\u6ce8\u518c\u793e\u4fdd\u57fa\u91d1\u3001\u9000\u4f11\u91d1\u57fa\u91d1\u3001\u5931\u4e1a\u4fdd\u9669\u57fa\u91d1\u7b49\uff09<\/li>\n<li>\u5458\u5de5\u7684\u884c\u653f\u7ba1\u7406\uff08\u533b\u7597\u5c31\u8bca\u7684\u8ddf\u8fdb\u3001\u505c\u5de5\u7b49\uff09<\/li>\n<li>\u79bb\u804c\u624b\u7eed\uff08\u6240\u6709\u8d26\u6237\u7684\u7ed3\u7b97\u3001\u79bb\u804c\u8bc1\u660e\u7b49\uff09<\/li>\n<li>\u5728\u60a8\u7684\u529e\u516c\u8f6f\u4ef6\u4e0a\u5904\u7406\u5de5\u8d44\u5355<\/li>\n<li>\u4eba\u4e8b\u7533\u62a5<\/li>\n<li>\u85aa\u8d44\u7cfb\u7edf\u53ca\u76f8\u5173\u62a5\u8868\u7684\u4fe1\u606f\u66f4\u65b0<\/li>\n<\/ul>\n            <\/div>\n                                <\/div>\n                    <div class=\"col-lg-6 col-img\">\n                <img loading=\"lazy\" decoding=\"async\" width=\"1264\" height=\"1264\" src=\"https:\/\/pp-pkfarsilon.web.oxv.fr\/wp-content\/uploads\/2021\/06\/img-carre-1264-1216917032.jpg\" class=\"attachment-full size-full\" alt=\"\" srcset=\"https:\/\/pp-pkfarsilon.web.oxv.fr\/wp-content\/uploads\/2021\/06\/img-carre-1264-1216917032.jpg 1264w, https:\/\/pp-pkfarsilon.web.oxv.fr\/wp-content\/uploads\/2021\/06\/img-carre-1264-1216917032-300x300.jpg 300w, https:\/\/pp-pkfarsilon.web.oxv.fr\/wp-content\/uploads\/2021\/06\/img-carre-1264-1216917032-1024x1024.jpg 1024w, https:\/\/pp-pkfarsilon.web.oxv.fr\/wp-content\/uploads\/2021\/06\/img-carre-1264-1216917032-150x150.jpg 150w, https:\/\/pp-pkfarsilon.web.oxv.fr\/wp-content\/uploads\/2021\/06\/img-carre-1264-1216917032-768x768.jpg 768w, https:\/\/pp-pkfarsilon.web.oxv.fr\/wp-content\/uploads\/2021\/06\/img-carre-1264-1216917032-115x115.jpg 115w\" sizes=\"auto, (max-width: 1264px) 100vw, 1264px\" \/>            <\/div>\n            <\/div>\n<\/div>\n","protected":false},"excerpt":{"rendered":"<p>\u6211\u4eec\u53ef\u4ee5\u4e3a\u60a8\u63d0\u4f9b\u4e13\u4e1a\u53ef\u9760\u7684\u4eba\u4e8b\u6258\u7ba1\u670d\u52a1\uff0c\u4ece\u800c\u786e\u4fdd\u8d35\u53f8\u4e1a\u52a1\u7684\u6b63\u5e38\u8fd0\u4f5c\u3002<\/p>\n","protected":false},"author":11,"featured_media":6658,"parent":90895,"menu_order":18,"comment_status":"closed","ping_status":"closed","template":"views\/sub-expertise-inte.blade.php","meta":{"_acf_changed":false,"footnotes":""},"class_list":["post-108621","page","type-page","status-publish","has-post-thumbnail","hentry"],"acf":[],"yoast_head":"<!-- This site is optimized with the Yoast SEO plugin v22.3 - https:\/\/yoast.com\/wordpress\/plugins\/seo\/ -->\n<title>\u4eba\u4e8b\u4ee3\u7406 - PKF Arsilon<\/title>\n<meta name=\"robots\" content=\"noindex, follow, max-snippet:-1, max-image-preview:large, max-video-preview:-1\" \/>\n<meta property=\"og:locale\" content=\"zh_CN\" \/>\n<meta property=\"og:type\" content=\"article\" \/>\n<meta property=\"og:title\" content=\"\u4eba\u4e8b\u4ee3\u7406 - PKF Arsilon\" \/>\n<meta property=\"og:description\" content=\"\u6211\u4eec\u53ef\u4ee5\u4e3a\u60a8\u63d0\u4f9b\u4e13\u4e1a\u53ef\u9760\u7684\u4eba\u4e8b\u6258\u7ba1\u670d\u52a1\uff0c\u4ece\u800c\u786e\u4fdd\u8d35\u53f8\u4e1a\u52a1\u7684\u6b63\u5e38\u8fd0\u4f5c\u3002\" \/>\n<meta property=\"og:url\" content=\"https:\/\/pp-pkfarsilon.web.oxv.fr\/zh-hans\/\u60a8\u7684\u9700\u6c42\/\u4e13\u4e1a\u987e\u95ee\/\u85aa\u916c\u4e0e\u4eba\u4e8b\/\u59d4\u6258\u7ba1\u7406\/\" \/>\n<meta property=\"og:site_name\" content=\"PKF Arsilon\" \/>\n<meta property=\"article:publisher\" content=\"https:\/\/www.facebook.com\/profile.php?id=100091444849279\" \/>\n<meta property=\"article:modified_time\" content=\"2023-07-19T13:16:45+00:00\" \/>\n<meta property=\"og:image\" content=\"https:\/\/pp-pkfarsilon.web.oxv.fr\/wp-content\/uploads\/2021\/06\/img-header-625738210-2000.jpg\" \/>\n\t<meta property=\"og:image:width\" content=\"2000\" \/>\n\t<meta property=\"og:image:height\" content=\"735\" \/>\n\t<meta property=\"og:image:type\" content=\"image\/jpeg\" \/>\n<meta name=\"twitter:card\" content=\"summary_large_image\" \/>\n<meta name=\"twitter:site\" content=\"@PKFArsilon\" \/>\n<script type=\"application\/ld+json\" class=\"yoast-schema-graph\">{\"@context\":\"https:\/\/schema.org\",\"@graph\":[{\"@type\":\"WebPage\",\"@id\":\"https:\/\/pp-pkfarsilon.web.oxv.fr\/zh-hans\/%e6%82%a8%e7%9a%84%e9%9c%80%e6%b1%82\/%e4%b8%93%e4%b8%9a%e9%a1%be%e9%97%ae\/%e8%96%aa%e9%85%ac%e4%b8%8e%e4%ba%ba%e4%ba%8b\/%e5%a7%94%e6%89%98%e7%ae%a1%e7%90%86\/\",\"url\":\"https:\/\/pp-pkfarsilon.web.oxv.fr\/zh-hans\/%e6%82%a8%e7%9a%84%e9%9c%80%e6%b1%82\/%e4%b8%93%e4%b8%9a%e9%a1%be%e9%97%ae\/%e8%96%aa%e9%85%ac%e4%b8%8e%e4%ba%ba%e4%ba%8b\/%e5%a7%94%e6%89%98%e7%ae%a1%e7%90%86\/\",\"name\":\"\u4eba\u4e8b\u4ee3\u7406 - PKF Arsilon\",\"isPartOf\":{\"@id\":\"https:\/\/pp-pkfarsilon.web.oxv.fr\/#website\"},\"primaryImageOfPage\":{\"@id\":\"https:\/\/pp-pkfarsilon.web.oxv.fr\/zh-hans\/%e6%82%a8%e7%9a%84%e9%9c%80%e6%b1%82\/%e4%b8%93%e4%b8%9a%e9%a1%be%e9%97%ae\/%e8%96%aa%e9%85%ac%e4%b8%8e%e4%ba%ba%e4%ba%8b\/%e5%a7%94%e6%89%98%e7%ae%a1%e7%90%86\/#primaryimage\"},\"image\":{\"@id\":\"https:\/\/pp-pkfarsilon.web.oxv.fr\/zh-hans\/%e6%82%a8%e7%9a%84%e9%9c%80%e6%b1%82\/%e4%b8%93%e4%b8%9a%e9%a1%be%e9%97%ae\/%e8%96%aa%e9%85%ac%e4%b8%8e%e4%ba%ba%e4%ba%8b\/%e5%a7%94%e6%89%98%e7%ae%a1%e7%90%86\/#primaryimage\"},\"thumbnailUrl\":\"https:\/\/pp-pkfarsilon.web.oxv.fr\/wp-content\/uploads\/2021\/06\/img-header-625738210-2000.jpg\",\"datePublished\":\"2022-10-19T15:01:55+00:00\",\"dateModified\":\"2023-07-19T13:16:45+00:00\",\"breadcrumb\":{\"@id\":\"https:\/\/pp-pkfarsilon.web.oxv.fr\/zh-hans\/%e6%82%a8%e7%9a%84%e9%9c%80%e6%b1%82\/%e4%b8%93%e4%b8%9a%e9%a1%be%e9%97%ae\/%e8%96%aa%e9%85%ac%e4%b8%8e%e4%ba%ba%e4%ba%8b\/%e5%a7%94%e6%89%98%e7%ae%a1%e7%90%86\/#breadcrumb\"},\"inLanguage\":\"zh-Hans\",\"potentialAction\":[{\"@type\":\"ReadAction\",\"target\":[\"https:\/\/pp-pkfarsilon.web.oxv.fr\/zh-hans\/%e6%82%a8%e7%9a%84%e9%9c%80%e6%b1%82\/%e4%b8%93%e4%b8%9a%e9%a1%be%e9%97%ae\/%e8%96%aa%e9%85%ac%e4%b8%8e%e4%ba%ba%e4%ba%8b\/%e5%a7%94%e6%89%98%e7%ae%a1%e7%90%86\/\"]}]},{\"@type\":\"ImageObject\",\"inLanguage\":\"zh-Hans\",\"@id\":\"https:\/\/pp-pkfarsilon.web.oxv.fr\/zh-hans\/%e6%82%a8%e7%9a%84%e9%9c%80%e6%b1%82\/%e4%b8%93%e4%b8%9a%e9%a1%be%e9%97%ae\/%e8%96%aa%e9%85%ac%e4%b8%8e%e4%ba%ba%e4%ba%8b\/%e5%a7%94%e6%89%98%e7%ae%a1%e7%90%86\/#primaryimage\",\"url\":\"https:\/\/pp-pkfarsilon.web.oxv.fr\/wp-content\/uploads\/2021\/06\/img-header-625738210-2000.jpg\",\"contentUrl\":\"https:\/\/pp-pkfarsilon.web.oxv.fr\/wp-content\/uploads\/2021\/06\/img-header-625738210-2000.jpg\",\"width\":2000,\"height\":735},{\"@type\":\"BreadcrumbList\",\"@id\":\"https:\/\/pp-pkfarsilon.web.oxv.fr\/zh-hans\/%e6%82%a8%e7%9a%84%e9%9c%80%e6%b1%82\/%e4%b8%93%e4%b8%9a%e9%a1%be%e9%97%ae\/%e8%96%aa%e9%85%ac%e4%b8%8e%e4%ba%ba%e4%ba%8b\/%e5%a7%94%e6%89%98%e7%ae%a1%e7%90%86\/#breadcrumb\",\"itemListElement\":[{\"@type\":\"ListItem\",\"position\":1,\"name\":\"\u9996\u9875\",\"item\":\"https:\/\/pp-pkfarsilon.web.oxv.fr\/zh-hans\/\"},{\"@type\":\"ListItem\",\"position\":2,\"name\":\"\u60a8\u7684\u9700\u6c42\",\"item\":\"https:\/\/pp-pkfarsilon.web.oxv.fr\/zh-hans\/%e6%82%a8%e7%9a%84%e9%9c%80%e6%b1%82\/\"},{\"@type\":\"ListItem\",\"position\":3,\"name\":\"\u6211\u4eec\u7684\u4e1a\u52a1\",\"item\":\"https:\/\/pp-pkfarsilon.web.oxv.fr\/zh-hans\/%e6%82%a8%e7%9a%84%e9%9c%80%e6%b1%82\/%e4%b8%93%e4%b8%9a%e9%a1%be%e9%97%ae\/\"},{\"@type\":\"ListItem\",\"position\":4,\"name\":\"\u85aa\u916c\u4e0e\u4eba\u4e8b\",\"item\":\"https:\/\/pp-pkfarsilon.web.oxv.fr\/zh-hans\/%e6%82%a8%e7%9a%84%e9%9c%80%e6%b1%82\/%e4%b8%93%e4%b8%9a%e9%a1%be%e9%97%ae\/%e8%96%aa%e9%85%ac%e4%b8%8e%e4%ba%ba%e4%ba%8b\/\"},{\"@type\":\"ListItem\",\"position\":5,\"name\":\"\u4eba\u4e8b\u4ee3\u7406\"}]},{\"@type\":\"WebSite\",\"@id\":\"https:\/\/pp-pkfarsilon.web.oxv.fr\/#website\",\"url\":\"https:\/\/pp-pkfarsilon.web.oxv.fr\/\",\"name\":\"PKF Arsilon\",\"description\":\"Ensemble, changeons la donne\",\"publisher\":{\"@id\":\"https:\/\/pp-pkfarsilon.web.oxv.fr\/#organization\"},\"potentialAction\":[{\"@type\":\"SearchAction\",\"target\":{\"@type\":\"EntryPoint\",\"urlTemplate\":\"https:\/\/pp-pkfarsilon.web.oxv.fr\/?s={search_term_string}\"},\"query-input\":\"required name=search_term_string\"}],\"inLanguage\":\"zh-Hans\"},{\"@type\":\"Organization\",\"@id\":\"https:\/\/pp-pkfarsilon.web.oxv.fr\/#organization\",\"name\":\"PKF Arsilon\",\"url\":\"https:\/\/pp-pkfarsilon.web.oxv.fr\/\",\"logo\":{\"@type\":\"ImageObject\",\"inLanguage\":\"zh-Hans\",\"@id\":\"https:\/\/pp-pkfarsilon.web.oxv.fr\/#\/schema\/logo\/image\/\",\"url\":\"https:\/\/pp-pkfarsilon.web.oxv.fr\/wp-content\/uploads\/2024\/01\/logo-pkf.svg\",\"contentUrl\":\"https:\/\/pp-pkfarsilon.web.oxv.fr\/wp-content\/uploads\/2024\/01\/logo-pkf.svg\",\"width\":1200,\"height\":480,\"caption\":\"PKF Arsilon\"},\"image\":{\"@id\":\"https:\/\/pp-pkfarsilon.web.oxv.fr\/#\/schema\/logo\/image\/\"},\"sameAs\":[\"https:\/\/www.facebook.com\/profile.php?id=100091444849279\",\"https:\/\/twitter.com\/PKFArsilon\",\"https:\/\/www.linkedin.com\/company\/18902389\/\",\"https:\/\/www.instagram.com\/pkfarsilon\/\",\"https:\/\/www.youtube.com\/channel\/UCslRTzP-XgV4Z-t2ItuBeDA\"]}]}<\/script>\n<!-- \/ Yoast SEO plugin. -->","yoast_head_json":{"title":"\u4eba\u4e8b\u4ee3\u7406 - PKF Arsilon","robots":{"index":"noindex","follow":"follow","max-snippet":"max-snippet:-1","max-image-preview":"max-image-preview:large","max-video-preview":"max-video-preview:-1"},"og_locale":"zh_CN","og_type":"article","og_title":"\u4eba\u4e8b\u4ee3\u7406 - PKF Arsilon","og_description":"\u6211\u4eec\u53ef\u4ee5\u4e3a\u60a8\u63d0\u4f9b\u4e13\u4e1a\u53ef\u9760\u7684\u4eba\u4e8b\u6258\u7ba1\u670d\u52a1\uff0c\u4ece\u800c\u786e\u4fdd\u8d35\u53f8\u4e1a\u52a1\u7684\u6b63\u5e38\u8fd0\u4f5c\u3002","og_url":"https:\/\/pp-pkfarsilon.web.oxv.fr\/zh-hans\/\u60a8\u7684\u9700\u6c42\/\u4e13\u4e1a\u987e\u95ee\/\u85aa\u916c\u4e0e\u4eba\u4e8b\/\u59d4\u6258\u7ba1\u7406\/","og_site_name":"PKF Arsilon","article_publisher":"https:\/\/www.facebook.com\/profile.php?id=100091444849279","article_modified_time":"2023-07-19T13:16:45+00:00","og_image":[{"width":2000,"height":735,"url":"https:\/\/pp-pkfarsilon.web.oxv.fr\/wp-content\/uploads\/2021\/06\/img-header-625738210-2000.jpg","type":"image\/jpeg"}],"twitter_card":"summary_large_image","twitter_site":"@PKFArsilon","schema":{"@context":"https:\/\/schema.org","@graph":[{"@type":"WebPage","@id":"https:\/\/pp-pkfarsilon.web.oxv.fr\/zh-hans\/%e6%82%a8%e7%9a%84%e9%9c%80%e6%b1%82\/%e4%b8%93%e4%b8%9a%e9%a1%be%e9%97%ae\/%e8%96%aa%e9%85%ac%e4%b8%8e%e4%ba%ba%e4%ba%8b\/%e5%a7%94%e6%89%98%e7%ae%a1%e7%90%86\/","url":"https:\/\/pp-pkfarsilon.web.oxv.fr\/zh-hans\/%e6%82%a8%e7%9a%84%e9%9c%80%e6%b1%82\/%e4%b8%93%e4%b8%9a%e9%a1%be%e9%97%ae\/%e8%96%aa%e9%85%ac%e4%b8%8e%e4%ba%ba%e4%ba%8b\/%e5%a7%94%e6%89%98%e7%ae%a1%e7%90%86\/","name":"\u4eba\u4e8b\u4ee3\u7406 - PKF Arsilon","isPartOf":{"@id":"https:\/\/pp-pkfarsilon.web.oxv.fr\/#website"},"primaryImageOfPage":{"@id":"https:\/\/pp-pkfarsilon.web.oxv.fr\/zh-hans\/%e6%82%a8%e7%9a%84%e9%9c%80%e6%b1%82\/%e4%b8%93%e4%b8%9a%e9%a1%be%e9%97%ae\/%e8%96%aa%e9%85%ac%e4%b8%8e%e4%ba%ba%e4%ba%8b\/%e5%a7%94%e6%89%98%e7%ae%a1%e7%90%86\/#primaryimage"},"image":{"@id":"https:\/\/pp-pkfarsilon.web.oxv.fr\/zh-hans\/%e6%82%a8%e7%9a%84%e9%9c%80%e6%b1%82\/%e4%b8%93%e4%b8%9a%e9%a1%be%e9%97%ae\/%e8%96%aa%e9%85%ac%e4%b8%8e%e4%ba%ba%e4%ba%8b\/%e5%a7%94%e6%89%98%e7%ae%a1%e7%90%86\/#primaryimage"},"thumbnailUrl":"https:\/\/pp-pkfarsilon.web.oxv.fr\/wp-content\/uploads\/2021\/06\/img-header-625738210-2000.jpg","datePublished":"2022-10-19T15:01:55+00:00","dateModified":"2023-07-19T13:16:45+00:00","breadcrumb":{"@id":"https:\/\/pp-pkfarsilon.web.oxv.fr\/zh-hans\/%e6%82%a8%e7%9a%84%e9%9c%80%e6%b1%82\/%e4%b8%93%e4%b8%9a%e9%a1%be%e9%97%ae\/%e8%96%aa%e9%85%ac%e4%b8%8e%e4%ba%ba%e4%ba%8b\/%e5%a7%94%e6%89%98%e7%ae%a1%e7%90%86\/#breadcrumb"},"inLanguage":"zh-Hans","potentialAction":[{"@type":"ReadAction","target":["https:\/\/pp-pkfarsilon.web.oxv.fr\/zh-hans\/%e6%82%a8%e7%9a%84%e9%9c%80%e6%b1%82\/%e4%b8%93%e4%b8%9a%e9%a1%be%e9%97%ae\/%e8%96%aa%e9%85%ac%e4%b8%8e%e4%ba%ba%e4%ba%8b\/%e5%a7%94%e6%89%98%e7%ae%a1%e7%90%86\/"]}]},{"@type":"ImageObject","inLanguage":"zh-Hans","@id":"https:\/\/pp-pkfarsilon.web.oxv.fr\/zh-hans\/%e6%82%a8%e7%9a%84%e9%9c%80%e6%b1%82\/%e4%b8%93%e4%b8%9a%e9%a1%be%e9%97%ae\/%e8%96%aa%e9%85%ac%e4%b8%8e%e4%ba%ba%e4%ba%8b\/%e5%a7%94%e6%89%98%e7%ae%a1%e7%90%86\/#primaryimage","url":"https:\/\/pp-pkfarsilon.web.oxv.fr\/wp-content\/uploads\/2021\/06\/img-header-625738210-2000.jpg","contentUrl":"https:\/\/pp-pkfarsilon.web.oxv.fr\/wp-content\/uploads\/2021\/06\/img-header-625738210-2000.jpg","width":2000,"height":735},{"@type":"BreadcrumbList","@id":"https:\/\/pp-pkfarsilon.web.oxv.fr\/zh-hans\/%e6%82%a8%e7%9a%84%e9%9c%80%e6%b1%82\/%e4%b8%93%e4%b8%9a%e9%a1%be%e9%97%ae\/%e8%96%aa%e9%85%ac%e4%b8%8e%e4%ba%ba%e4%ba%8b\/%e5%a7%94%e6%89%98%e7%ae%a1%e7%90%86\/#breadcrumb","itemListElement":[{"@type":"ListItem","position":1,"name":"\u9996\u9875","item":"https:\/\/pp-pkfarsilon.web.oxv.fr\/zh-hans\/"},{"@type":"ListItem","position":2,"name":"\u60a8\u7684\u9700\u6c42","item":"https:\/\/pp-pkfarsilon.web.oxv.fr\/zh-hans\/%e6%82%a8%e7%9a%84%e9%9c%80%e6%b1%82\/"},{"@type":"ListItem","position":3,"name":"\u6211\u4eec\u7684\u4e1a\u52a1","item":"https:\/\/pp-pkfarsilon.web.oxv.fr\/zh-hans\/%e6%82%a8%e7%9a%84%e9%9c%80%e6%b1%82\/%e4%b8%93%e4%b8%9a%e9%a1%be%e9%97%ae\/"},{"@type":"ListItem","position":4,"name":"\u85aa\u916c\u4e0e\u4eba\u4e8b","item":"https:\/\/pp-pkfarsilon.web.oxv.fr\/zh-hans\/%e6%82%a8%e7%9a%84%e9%9c%80%e6%b1%82\/%e4%b8%93%e4%b8%9a%e9%a1%be%e9%97%ae\/%e8%96%aa%e9%85%ac%e4%b8%8e%e4%ba%ba%e4%ba%8b\/"},{"@type":"ListItem","position":5,"name":"\u4eba\u4e8b\u4ee3\u7406"}]},{"@type":"WebSite","@id":"https:\/\/pp-pkfarsilon.web.oxv.fr\/#website","url":"https:\/\/pp-pkfarsilon.web.oxv.fr\/","name":"PKF Arsilon","description":"Ensemble, changeons la donne","publisher":{"@id":"https:\/\/pp-pkfarsilon.web.oxv.fr\/#organization"},"potentialAction":[{"@type":"SearchAction","target":{"@type":"EntryPoint","urlTemplate":"https:\/\/pp-pkfarsilon.web.oxv.fr\/?s={search_term_string}"},"query-input":"required name=search_term_string"}],"inLanguage":"zh-Hans"},{"@type":"Organization","@id":"https:\/\/pp-pkfarsilon.web.oxv.fr\/#organization","name":"PKF Arsilon","url":"https:\/\/pp-pkfarsilon.web.oxv.fr\/","logo":{"@type":"ImageObject","inLanguage":"zh-Hans","@id":"https:\/\/pp-pkfarsilon.web.oxv.fr\/#\/schema\/logo\/image\/","url":"https:\/\/pp-pkfarsilon.web.oxv.fr\/wp-content\/uploads\/2024\/01\/logo-pkf.svg","contentUrl":"https:\/\/pp-pkfarsilon.web.oxv.fr\/wp-content\/uploads\/2024\/01\/logo-pkf.svg","width":1200,"height":480,"caption":"PKF Arsilon"},"image":{"@id":"https:\/\/pp-pkfarsilon.web.oxv.fr\/#\/schema\/logo\/image\/"},"sameAs":["https:\/\/www.facebook.com\/profile.php?id=100091444849279","https:\/\/twitter.com\/PKFArsilon","https:\/\/www.linkedin.com\/company\/18902389\/","https:\/\/www.instagram.com\/pkfarsilon\/","https:\/\/www.youtube.com\/channel\/UCslRTzP-XgV4Z-t2ItuBeDA"]}]}},"_links":{"self":[{"href":"https:\/\/pp-pkfarsilon.web.oxv.fr\/zh-hans\/wp-json\/wp\/v2\/pages\/108621","targetHints":{"allow":["GET"]}}],"collection":[{"href":"https:\/\/pp-pkfarsilon.web.oxv.fr\/zh-hans\/wp-json\/wp\/v2\/pages"}],"about":[{"href":"https:\/\/pp-pkfarsilon.web.oxv.fr\/zh-hans\/wp-json\/wp\/v2\/types\/page"}],"author":[{"embeddable":true,"href":"https:\/\/pp-pkfarsilon.web.oxv.fr\/zh-hans\/wp-json\/wp\/v2\/users\/11"}],"replies":[{"embeddable":true,"href":"https:\/\/pp-pkfarsilon.web.oxv.fr\/zh-hans\/wp-json\/wp\/v2\/comments?post=108621"}],"version-history":[{"count":21,"href":"https:\/\/pp-pkfarsilon.web.oxv.fr\/zh-hans\/wp-json\/wp\/v2\/pages\/108621\/revisions"}],"predecessor-version":[{"id":248691,"href":"https:\/\/pp-pkfarsilon.web.oxv.fr\/zh-hans\/wp-json\/wp\/v2\/pages\/108621\/revisions\/248691"}],"up":[{"embeddable":true,"href":"https:\/\/pp-pkfarsilon.web.oxv.fr\/zh-hans\/wp-json\/wp\/v2\/pages\/90895"}],"wp:featuredmedia":[{"embeddable":true,"href":"https:\/\/pp-pkfarsilon.web.oxv.fr\/zh-hans\/wp-json\/wp\/v2\/media\/6658"}],"wp:attachment":[{"href":"https:\/\/pp-pkfarsilon.web.oxv.fr\/zh-hans\/wp-json\/wp\/v2\/media?parent=108621"}],"curies":[{"name":"wp","href":"https:\/\/api.w.org\/{rel}","templated":true}]}}